{"id":18,"date":"2024-08-19T19:39:34","date_gmt":"2024-08-19T19:39:34","guid":{"rendered":"https:\/\/mercurioasset.com.br\/?page_id=18"},"modified":"2026-02-02T20:25:10","modified_gmt":"2026-02-02T20:25:10","slug":"home","status":"publish","type":"page","link":"https:\/\/mercurioasset.com.br\/en\/","title":{"rendered":"Home"},"content":{"rendered":"<div data-elementor-type=\"wp-page\" data-elementor-id=\"18\" class=\"elementor elementor-18\">\n\t\t\t\t<div class=\"elementor-element elementor-element-0d37a2a e-flex e-con-boxed elementor-invisible e-con e-parent\" data-id=\"0d37a2a\" data-element_type=\"container\" data-e-type=\"container\" data-settings=\"{&quot;background_background&quot;:&quot;classic&quot;,&quot;shape_divider_bottom&quot;:&quot;curve&quot;,&quot;shape_divider_bottom_negative&quot;:&quot;yes&quot;,&quot;animation&quot;:&quot;fadeInDown&quot;}\">\n\t\t\t\t\t<div class=\"e-con-inner\">\n\t\t\t\t<div class=\"elementor-shape elementor-shape-bottom\" aria-hidden=\"true\" data-negative=\"true\">\n\t\t\t<svg xmlns=\"http:\/\/www.w3.org\/2000\/svg\" viewbox=\"0 0 1000 100\" preserveaspectratio=\"none\">\n\t<path class=\"elementor-shape-fill\" d=\"M500,97C126.7,96.3,0.8,19.8,0,0v100l1000,0V1C1000,19.4,873.3,97.8,500,97z\"\/>\n<\/svg>\t\t<\/div>\n\t\t\t\t<div class=\"elementor-element elementor-element-189a544 elementor-invisible elementor-widget elementor-widget-heading\" data-id=\"189a544\" data-element_type=\"widget\" data-e-type=\"widget\" data-settings=\"{&quot;_animation&quot;:&quot;fadeIn&quot;,&quot;_animation_delay&quot;:500}\" data-widget_type=\"heading.default\">\n\t\t\t\t<div class=\"elementor-widget-container\">\n\t\t\t\t\t<h2 class=\"elementor-heading-title elementor-size-default\">A JV that combines energy expertise with financial solidity<\/h2>\t\t\t\t<\/div>\n\t\t\t\t<\/div>\n\t\t\t\t\t<\/div>\n\t\t\t\t<\/div>\n\t\t<div class=\"elementor-element elementor-element-c530e53 e-flex e-con-boxed elementor-invisible e-con e-parent\" data-id=\"c530e53\" data-element_type=\"container\" data-e-type=\"container\" data-settings=\"{&quot;background_background&quot;:&quot;classic&quot;,&quot;animation&quot;:&quot;fadeInDown&quot;}\">\n\t\t\t\t\t<div class=\"e-con-inner\">\n\t\t<div class=\"elementor-element elementor-element-103214b e-con-full e-flex e-con e-child\" data-id=\"103214b\" data-element_type=\"container\" data-e-type=\"container\">\n\t\t\t\t<div class=\"elementor-element elementor-element-b3000fb elementor-invisible elementor-widget elementor-widget-heading\" data-id=\"b3000fb\" data-element_type=\"widget\" data-e-type=\"widget\" data-settings=\"{&quot;_animation&quot;:&quot;fadeInLeft&quot;,&quot;_animation_delay&quot;:200}\" data-widget_type=\"heading.default\">\n\t\t\t\t<div class=\"elementor-widget-container\">\n\t\t\t\t\t<h4 class=\"elementor-heading-title elementor-size-default\">Who we are<\/h4>\t\t\t\t<\/div>\n\t\t\t\t<\/div>\n\t\t\t\t<div class=\"elementor-element elementor-element-df3e2f6 elementor-invisible elementor-widget elementor-widget-heading\" data-id=\"df3e2f6\" data-element_type=\"widget\" data-e-type=\"widget\" data-settings=\"{&quot;_animation&quot;:&quot;fadeInLeft&quot;,&quot;_animation_delay&quot;:400}\" data-widget_type=\"heading.default\">\n\t\t\t\t<div class=\"elementor-widget-container\">\n\t\t\t\t\t<h1 class=\"elementor-heading-title elementor-size-default\">Gestora de Recursos Independente<\/h1>\t\t\t\t<\/div>\n\t\t\t\t<\/div>\n\t\t\t\t<div class=\"elementor-element elementor-element-83b859e elementor-invisible elementor-widget elementor-widget-text-editor\" data-id=\"83b859e\" data-element_type=\"widget\" data-e-type=\"widget\" data-settings=\"{&quot;_animation&quot;:&quot;fadeInLeft&quot;,&quot;_animation_delay&quot;:400}\" data-widget_type=\"text-editor.default\">\n\t\t\t\t<div class=\"elementor-widget-container\">\n\t\t\t\t\t\t\t\t\tMercurio Gestora is an independent asset manager, established through a Joint Venture between Mercurio Partners and Horto Capital. With the purpose of investing in alternative assets, the focus of investments is on structuring and total or partial equity participation in assets from different links in the energy chain.\t\t\t\t\t\t\t\t<\/div>\n\t\t\t\t<\/div>\n\t\t\t\t<div class=\"elementor-element elementor-element-55ef613 elementor-mobile-align-center elementor-invisible elementor-widget elementor-widget-button\" data-id=\"55ef613\" data-element_type=\"widget\" data-e-type=\"widget\" data-settings=\"{&quot;_animation&quot;:&quot;fadeInLeft&quot;,&quot;_animation_delay&quot;:600}\" data-widget_type=\"button.default\">\n\t\t\t\t<div class=\"elementor-widget-container\">\n\t\t\t\t\t\t\t\t\t<div class=\"elementor-button-wrapper\">\n\t\t\t\t\t<a class=\"elementor-button elementor-button-link elementor-size-sm\" href=\"https:\/\/mercurioasset.com.br\/en\/quem-somos\/\">\n\t\t\t\t\t\t<span class=\"elementor-button-content-wrapper\">\n\t\t\t\t\t\t\t\t\t<span class=\"elementor-button-text\">Learn more<\/span>\n\t\t\t\t\t<\/span>\n\t\t\t\t\t<\/a>\n\t\t\t\t<\/div>\n\t\t\t\t\t\t\t\t<\/div>\n\t\t\t\t<\/div>\n\t\t\t\t<\/div>\n\t\t<div class=\"elementor-element elementor-element-053ca7a e-con-full e-flex e-con e-child\" data-id=\"053ca7a\" data-element_type=\"container\" data-e-type=\"container\">\n\t\t<div class=\"elementor-element elementor-element-3260215 e-grid e-con-full e-con e-child\" data-id=\"3260215\" data-element_type=\"container\" data-e-type=\"container\">\n\t\t\t\t<div class=\"elementor-element elementor-element-ebca381 elementor-invisible elementor-widget elementor-widget-image\" data-id=\"ebca381\" data-element_type=\"widget\" data-e-type=\"widget\" data-settings=\"{&quot;_animation&quot;:&quot;fadeInRight&quot;,&quot;_animation_delay&quot;:400}\" data-widget_type=\"image.default\">\n\t\t\t\t<div class=\"elementor-widget-container\">\n\t\t\t\t\t\t\t\t\t\t\t\t\t\t\t\t<a href=\"https:\/\/mercuriopartners.com.br\/\" target=\"_blank\">\n\t\t\t\t\t\t\t<img fetchpriority=\"high\" decoding=\"async\" width=\"1024\" height=\"307\" src=\"https:\/\/mercurioasset.com.br\/wp-content\/uploads\/2024\/08\/mercurio-partners-branco-1024x307.png\" class=\"attachment-large size-large wp-image-49\" alt=\"\" srcset=\"https:\/\/mercurioasset.com.br\/wp-content\/uploads\/2024\/08\/mercurio-partners-branco-1024x307.png 1024w, https:\/\/mercurioasset.com.br\/wp-content\/uploads\/2024\/08\/mercurio-partners-branco-300x90.png 300w, https:\/\/mercurioasset.com.br\/wp-content\/uploads\/2024\/08\/mercurio-partners-branco-768x230.png 768w, https:\/\/mercurioasset.com.br\/wp-content\/uploads\/2024\/08\/mercurio-partners-branco-1536x461.png 1536w, https:\/\/mercurioasset.com.br\/wp-content\/uploads\/2024\/08\/mercurio-partners-branco-2048x614.png 2048w\" sizes=\"(max-width: 1024px) 100vw, 1024px\" \/>\t\t\t\t\t\t\t\t<\/a>\n\t\t\t\t\t\t\t\t\t\t\t\t\t\t\t<\/div>\n\t\t\t\t<\/div>\n\t\t\t\t<div class=\"elementor-element elementor-element-f43888e elementor-invisible elementor-widget elementor-widget-image\" data-id=\"f43888e\" data-element_type=\"widget\" data-e-type=\"widget\" data-settings=\"{&quot;_animation&quot;:&quot;fadeInRight&quot;,&quot;_animation_delay&quot;:600}\" data-widget_type=\"image.default\">\n\t\t\t\t<div class=\"elementor-widget-container\">\n\t\t\t\t\t\t\t\t\t\t\t\t\t\t\t\t<a href=\"https:\/\/hortocapital.com.br\/\" target=\"_blank\">\n\t\t\t\t\t\t\t<img decoding=\"async\" width=\"238\" height=\"93\" src=\"https:\/\/mercurioasset.com.br\/wp-content\/uploads\/2024\/08\/horto-capital.png\" class=\"attachment-large size-large wp-image-50\" alt=\"\" \/>\t\t\t\t\t\t\t\t<\/a>\n\t\t\t\t\t\t\t\t\t\t\t\t\t\t\t<\/div>\n\t\t\t\t<\/div>\n\t\t\t\t<\/div>\n\t\t\t\t<\/div>\n\t\t\t\t\t<\/div>\n\t\t\t\t<\/div>\n\t\t<div class=\"elementor-element elementor-element-697686d e-flex e-con-boxed e-con e-parent\" data-id=\"697686d\" data-element_type=\"container\" data-e-type=\"container\">\n\t\t\t\t\t<div class=\"e-con-inner\">\n\t\t<div class=\"elementor-element elementor-element-4ccd0c9 e-con-full e-flex e-con e-child\" data-id=\"4ccd0c9\" data-element_type=\"container\" data-e-type=\"container\">\n\t\t\t\t<div class=\"elementor-element elementor-element-f773dff elementor-invisible elementor-widget elementor-widget-heading\" data-id=\"f773dff\" data-element_type=\"widget\" data-e-type=\"widget\" data-settings=\"{&quot;_animation&quot;:&quot;fadeInLeft&quot;}\" data-widget_type=\"heading.default\">\n\t\t\t\t<div class=\"elementor-widget-container\">\n\t\t\t\t\t<h4 class=\"elementor-heading-title elementor-size-default\">FIP GF<\/h4>\t\t\t\t<\/div>\n\t\t\t\t<\/div>\n\t\t\t\t<div class=\"elementor-element elementor-element-6c672b6 elementor-invisible elementor-widget elementor-widget-heading\" data-id=\"6c672b6\" data-element_type=\"widget\" data-e-type=\"widget\" data-settings=\"{&quot;_animation&quot;:&quot;fadeInLeft&quot;,&quot;_animation_delay&quot;:400}\" data-widget_type=\"heading.default\">\n\t\t\t\t<div class=\"elementor-widget-container\">\n\t\t\t\t\t<h1 class=\"elementor-heading-title elementor-size-default\">Meet the Fund<\/h1>\t\t\t\t<\/div>\n\t\t\t\t<\/div>\n\t\t\t\t<div class=\"elementor-element elementor-element-1832d88 elementor-invisible elementor-widget elementor-widget-text-editor\" data-id=\"1832d88\" data-element_type=\"widget\" data-e-type=\"widget\" data-settings=\"{&quot;_animation&quot;:&quot;fadeInLeft&quot;,&quot;_animation_delay&quot;:200}\" data-widget_type=\"text-editor.default\">\n\t\t\t\t<div class=\"elementor-widget-container\">\n\t\t\t\t\t\t\t\t\tO Mercurio Gera\u00e7\u00e3o Flex\u00edvel Fundo de Investimento em Participa\u00e7\u00f5es em Infraestrutura,\u00a0established under CVM Instruction 578, its specific purpose is to increase the value of the capital invested in the acquisition of a shareholding in the Pec\u00e9m I Thermoelectric Plant, located in the Port of Pec\u00e9m, Cear\u00e1, Brazil.\t\t\t\t\t\t\t\t<\/div>\n\t\t\t\t<\/div>\n\t\t\t\t<div class=\"elementor-element elementor-element-ca2a506 elementor-mobile-align-left elementor-invisible elementor-widget elementor-widget-button\" data-id=\"ca2a506\" data-element_type=\"widget\" data-e-type=\"widget\" data-settings=\"{&quot;_animation&quot;:&quot;fadeInLeft&quot;,&quot;_animation_delay&quot;:600}\" data-widget_type=\"button.default\">\n\t\t\t\t<div class=\"elementor-widget-container\">\n\t\t\t\t\t\t\t\t\t<div class=\"elementor-button-wrapper\">\n\t\t\t\t\t<a class=\"elementor-button elementor-button-link elementor-size-sm\" href=\"https:\/\/mercurioasset.com.br\/en\/fundo\/\">\n\t\t\t\t\t\t<span class=\"elementor-button-content-wrapper\">\n\t\t\t\t\t\t\t\t\t<span class=\"elementor-button-text\">Learn more<\/span>\n\t\t\t\t\t<\/span>\n\t\t\t\t\t<\/a>\n\t\t\t\t<\/div>\n\t\t\t\t\t\t\t\t<\/div>\n\t\t\t\t<\/div>\n\t\t\t\t<\/div>\n\t\t<div class=\"elementor-element elementor-element-cf5c494 e-con-full e-flex e-con e-child\" data-id=\"cf5c494\" data-element_type=\"container\" data-e-type=\"container\">\n\t\t<div class=\"elementor-element elementor-element-5311fab e-con-full e-flex elementor-invisible e-con e-child\" data-id=\"5311fab\" data-element_type=\"container\" data-e-type=\"container\" data-settings=\"{&quot;background_background&quot;:&quot;classic&quot;,&quot;animation&quot;:&quot;fadeInRight&quot;,&quot;animation_delay&quot;:200,&quot;animation_mobile&quot;:&quot;fadeInLeft&quot;}\">\n\t\t\t\t<div class=\"elementor-element elementor-element-d0f03a9 elementor-invisible elementor-widget elementor-widget-image\" data-id=\"d0f03a9\" data-element_type=\"widget\" data-e-type=\"widget\" data-settings=\"{&quot;_animation&quot;:&quot;fadeInRight&quot;,&quot;_animation_delay&quot;:600,&quot;_animation_mobile&quot;:&quot;fadeInLeft&quot;}\" data-widget_type=\"image.default\">\n\t\t\t\t<div class=\"elementor-widget-container\">\n\t\t\t\t\t\t\t\t\t\t\t\t\t\t\t<img decoding=\"async\" width=\"1024\" height=\"678\" src=\"https:\/\/mercurioasset.com.br\/wp-content\/uploads\/2024\/09\/fip-gf-1024x678.jpg\" class=\"attachment-large size-large wp-image-654\" alt=\"\" srcset=\"https:\/\/mercurioasset.com.br\/wp-content\/uploads\/2024\/09\/fip-gf-1024x678.jpg 1024w, https:\/\/mercurioasset.com.br\/wp-content\/uploads\/2024\/09\/fip-gf-300x199.jpg 300w, https:\/\/mercurioasset.com.br\/wp-content\/uploads\/2024\/09\/fip-gf-768x509.jpg 768w, https:\/\/mercurioasset.com.br\/wp-content\/uploads\/2024\/09\/fip-gf-1536x1017.jpg 1536w\" sizes=\"(max-width: 1024px) 100vw, 1024px\" \/>\t\t\t\t\t\t\t\t\t\t\t\t\t\t\t<\/div>\n\t\t\t\t<\/div>\n\t\t\t\t<\/div>\n\t\t\t\t<\/div>\n\t\t\t\t\t<\/div>\n\t\t\t\t<\/div>\n\t\t<div class=\"elementor-element elementor-element-007167c e-flex e-con-boxed elementor-invisible e-con e-parent\" data-id=\"007167c\" data-element_type=\"container\" data-e-type=\"container\" data-settings=\"{&quot;background_background&quot;:&quot;classic&quot;,&quot;animation&quot;:&quot;fadeInUp&quot;}\">\n\t\t\t\t\t<div class=\"e-con-inner\">\n\t\t<div class=\"elementor-element elementor-element-b139f59 e-con-full e-flex e-con e-child\" data-id=\"b139f59\" data-element_type=\"container\" data-e-type=\"container\">\n\t\t\t\t<div class=\"elementor-element elementor-element-36f9752 elementor-invisible elementor-widget elementor-widget-heading\" data-id=\"36f9752\" data-element_type=\"widget\" data-e-type=\"widget\" data-settings=\"{&quot;_animation&quot;:&quot;fadeInLeft&quot;,&quot;_animation_delay&quot;:400}\" data-widget_type=\"heading.default\">\n\t\t\t\t<div class=\"elementor-widget-container\">\n\t\t\t\t\t<h1 class=\"elementor-heading-title elementor-size-default\">Pec\u00e9m Energy<\/h1>\t\t\t\t<\/div>\n\t\t\t\t<\/div>\n\t\t\t\t<div class=\"elementor-element elementor-element-9d486cc elementor-invisible elementor-widget elementor-widget-text-editor\" data-id=\"9d486cc\" data-element_type=\"widget\" data-e-type=\"widget\" data-settings=\"{&quot;_animation&quot;:&quot;fadeInLeft&quot;,&quot;_animation_delay&quot;:600}\" data-widget_type=\"text-editor.default\">\n\t\t\t\t<div class=\"elementor-widget-container\">\n\t\t\t\t\t\t\t\t\tInstalada no Complexo Industrial e Portu\u00e1rio do Pec\u00e9m (CIPP), a termel\u00e9trica de 720 MW atendeu por mais de uma d\u00e9cada a demanda energ\u00e9tica do Cear\u00e1, do Nordeste e do SIN.\n<br><br>\nEm 2025, a Mercurio Asset, fundos e EDP conclu\u00edram a venda do ativo por R$ 1 bilh\u00e3o \u00e0 Diamante Energia. O projeto de expans\u00e3o a g\u00e1s (2 GW) segue em desenvolvimento conjunto.\t\t\t\t\t\t\t\t<\/div>\n\t\t\t\t<\/div>\n\t\t\t\t<div class=\"elementor-element elementor-element-9094890 elementor-mobile-align-left elementor-invisible elementor-widget elementor-widget-button\" data-id=\"9094890\" data-element_type=\"widget\" data-e-type=\"widget\" data-settings=\"{&quot;_animation&quot;:&quot;fadeInLeft&quot;,&quot;_animation_delay&quot;:600}\" data-widget_type=\"button.default\">\n\t\t\t\t<div class=\"elementor-widget-container\">\n\t\t\t\t\t\t\t\t\t<div class=\"elementor-button-wrapper\">\n\t\t\t\t\t<a class=\"elementor-button elementor-button-link elementor-size-sm\" href=\"https:\/\/mercurioasset.com.br\/en\/pecem-i\/\">\n\t\t\t\t\t\t<span class=\"elementor-button-content-wrapper\">\n\t\t\t\t\t\t\t\t\t<span class=\"elementor-button-text\">Get to know Pec\u00e9m Energy<\/span>\n\t\t\t\t\t<\/span>\n\t\t\t\t\t<\/a>\n\t\t\t\t<\/div>\n\t\t\t\t\t\t\t\t<\/div>\n\t\t\t\t<\/div>\n\t\t\t\t<\/div>\n\t\t<div class=\"elementor-element elementor-element-c6cb4ce e-con-full e-flex e-con e-child\" data-id=\"c6cb4ce\" data-element_type=\"container\" data-e-type=\"container\">\n\t\t\t\t<\/div>\n\t\t\t\t\t<\/div>\n\t\t\t\t<\/div>\n\t\t\t\t<\/div>","protected":false},"excerpt":{"rendered":"<p>Uma JV que soma expertise em energia com solidez financeira Quem somos Gestora de Recursos Independente A Mercurio Gestora \u00e9 [&hellip;]<\/p>","protected":false},"author":1,"featured_media":158,"parent":0,"menu_order":0,"comment_status":"closed","ping_status":"closed","template":"","meta":{"_acf_changed":false,"site-sidebar-layout":"no-sidebar","site-content-layout":"plain-container","ast-site-content-layout":"full-width-container","site-content-style":"default","site-sidebar-style":"default","ast-global-header-display":"","ast-banner-title-visibility":"","ast-main-header-display":"","ast-hfb-above-header-display":"","ast-hfb-below-header-display":"","ast-hfb-mobile-header-display":"","site-post-title":"disabled","ast-breadcrumbs-content":"","ast-featured-img":"disabled","footer-sml-layout":"","theme-transparent-header-meta":"enabled","adv-header-id-meta":"","stick-header-meta":"","header-above-stick-meta":"","header-main-stick-meta":"","header-below-stick-meta":"","astra-migrate-meta-layouts":"default","ast-page-background-enabled":"default","ast-page-background-meta":{"desktop":{"background-color":"var(--ast-global-color-4)","background-image":"","background-repeat":"repeat","background-position":"center center","background-size":"auto","background-attachment":"scroll","background-type":"","background-media":"","overlay-type":"","overlay-color":"","overlay-opacity":"","overlay-gradient":""},"tablet":{"background-color":"","background-image":"","background-repeat":"repeat","background-position":"center center","background-size":"auto","background-attachment":"scroll","background-type":"","background-media":"","overlay-type":"","overlay-color":"","overlay-opacity":"","overlay-gradient":""},"mobile":{"background-color":"","background-image":"","background-repeat":"repeat","background-position":"center center","background-size":"auto","background-attachment":"scroll","background-type":"","background-media":"","overlay-type":"","overlay-color":"","overlay-opacity":"","overlay-gradient":""}},"ast-content-background-meta":{"desktop":{"background-color":"var(--ast-global-color-5)","background-image":"","background-repeat":"repeat","background-position":"center center","background-size":"auto","background-attachment":"scroll","background-type":"","background-media":"","overlay-type":"","overlay-color":"","overlay-opacity":"","overlay-gradient":""},"tablet":{"background-color":"var(--ast-global-color-5)","background-image":"","background-repeat":"repeat","background-position":"center center","background-size":"auto","background-attachment":"scroll","background-type":"","background-media":"","overlay-type":"","overlay-color":"","overlay-opacity":"","overlay-gradient":""},"mobile":{"background-color":"var(--ast-global-color-5)","background-image":"","background-repeat":"repeat","background-position":"center center","background-size":"auto","background-attachment":"scroll","background-type":"","background-media":"","overlay-type":"","overlay-color":"","overlay-opacity":"","overlay-gradient":""}},"footnotes":""},"class_list":["post-18","page","type-page","status-publish","has-post-thumbnail","hentry"],"acf":[],"yoast_head":"<!-- This site is optimized with the Yoast SEO plugin v27.2 - https:\/\/yoast.com\/product\/yoast-seo-wordpress\/ -->\n<title>Home - Mercurio Asset<\/title>\n<meta name=\"description\" content=\"Uma JV que soma expertise em energia com solidez financeira\" \/>\n<meta name=\"robots\" content=\"index, follow, max-snippet:-1, max-image-preview:large, max-video-preview:-1\" \/>\n<link rel=\"canonical\" href=\"https:\/\/mercurioasset.com.br\/en\/\" \/>\n<meta property=\"og:locale\" content=\"en_US\" \/>\n<meta property=\"og:type\" content=\"article\" \/>\n<meta property=\"og:title\" content=\"Home - Mercurio Asset\" \/>\n<meta property=\"og:description\" content=\"Uma JV que soma expertise em energia com solidez financeira\" \/>\n<meta property=\"og:url\" content=\"https:\/\/mercurioasset.com.br\/en\/\" \/>\n<meta property=\"og:site_name\" content=\"Mercurio Asset\" \/>\n<meta property=\"article:modified_time\" content=\"2026-02-02T20:25:10+00:00\" \/>\n<meta property=\"og:image\" content=\"https:\/\/mercurioasset.com.br\/wp-content\/uploads\/2024\/08\/fundo-bg-1024x631.png\" \/>\n\t<meta property=\"og:image:width\" content=\"1024\" \/>\n\t<meta property=\"og:image:height\" content=\"631\" \/>\n\t<meta property=\"og:image:type\" content=\"image\/png\" \/>\n<meta name=\"twitter:card\" content=\"summary_large_image\" \/>\n<meta name=\"twitter:label1\" content=\"Est. reading time\" \/>\n\t<meta name=\"twitter:data1\" content=\"2 minutes\" \/>\n<script type=\"application\/ld+json\" class=\"yoast-schema-graph\">{\"@context\":\"https:\/\/schema.org\",\"@graph\":[{\"@type\":\"WebPage\",\"@id\":\"https:\/\/mercurioasset.com.br\/\",\"url\":\"https:\/\/mercurioasset.com.br\/\",\"name\":\"Home - Mercurio Asset\",\"isPartOf\":{\"@id\":\"https:\/\/mercurioasset.com.br\/#website\"},\"primaryImageOfPage\":{\"@id\":\"https:\/\/mercurioasset.com.br\/#primaryimage\"},\"image\":{\"@id\":\"https:\/\/mercurioasset.com.br\/#primaryimage\"},\"thumbnailUrl\":\"https:\/\/mercurioasset.com.br\/wp-content\/uploads\/2024\/08\/fundo-bg.png\",\"datePublished\":\"2024-08-19T19:39:34+00:00\",\"dateModified\":\"2026-02-02T20:25:10+00:00\",\"description\":\"Uma JV que soma expertise em energia com solidez financeira\",\"breadcrumb\":{\"@id\":\"https:\/\/mercurioasset.com.br\/#breadcrumb\"},\"inLanguage\":\"en-US\",\"potentialAction\":[{\"@type\":\"ReadAction\",\"target\":[\"https:\/\/mercurioasset.com.br\/\"]}]},{\"@type\":\"ImageObject\",\"inLanguage\":\"en-US\",\"@id\":\"https:\/\/mercurioasset.com.br\/#primaryimage\",\"url\":\"https:\/\/mercurioasset.com.br\/wp-content\/uploads\/2024\/08\/fundo-bg.png\",\"contentUrl\":\"https:\/\/mercurioasset.com.br\/wp-content\/uploads\/2024\/08\/fundo-bg.png\",\"width\":1920,\"height\":1183},{\"@type\":\"BreadcrumbList\",\"@id\":\"https:\/\/mercurioasset.com.br\/#breadcrumb\",\"itemListElement\":[{\"@type\":\"ListItem\",\"position\":1,\"name\":\"In\u00edcio\",\"item\":\"https:\/\/mercurioasset.com.br\/\"},{\"@type\":\"ListItem\",\"position\":2,\"name\":\"Home\"}]},{\"@type\":\"WebSite\",\"@id\":\"https:\/\/mercurioasset.com.br\/#website\",\"url\":\"https:\/\/mercurioasset.com.br\/\",\"name\":\"Mercurio Asset\",\"description\":\"Uma JV que soma expertise em energia com solidez financeira\",\"publisher\":{\"@id\":\"https:\/\/mercurioasset.com.br\/#organization\"},\"potentialAction\":[{\"@type\":\"SearchAction\",\"target\":{\"@type\":\"EntryPoint\",\"urlTemplate\":\"https:\/\/mercurioasset.com.br\/?s={search_term_string}\"},\"query-input\":{\"@type\":\"PropertyValueSpecification\",\"valueRequired\":true,\"valueName\":\"search_term_string\"}}],\"inLanguage\":\"en-US\"},{\"@type\":\"Organization\",\"@id\":\"https:\/\/mercurioasset.com.br\/#organization\",\"name\":\"Mercurio Asset\",\"url\":\"https:\/\/mercurioasset.com.br\/\",\"logo\":{\"@type\":\"ImageObject\",\"inLanguage\":\"en-US\",\"@id\":\"https:\/\/mercurioasset.com.br\/#\/schema\/logo\/image\/\",\"url\":\"https:\/\/mercurioasset.com.br\/wp-content\/uploads\/2024\/08\/mercurio-asset-colorido.png\",\"contentUrl\":\"https:\/\/mercurioasset.com.br\/wp-content\/uploads\/2024\/08\/mercurio-asset-colorido.png\",\"width\":461,\"height\":128,\"caption\":\"Mercurio Asset\"},\"image\":{\"@id\":\"https:\/\/mercurioasset.com.br\/#\/schema\/logo\/image\/\"},\"sameAs\":[\"https:\/\/www.linkedin.com\/company\/mercurio-partners\/posts\/?feedView=all\",\"https:\/\/www.instagram.com\/mercuriopartners\/\",\"https:\/\/www.youtube.com\/channel\/UCR46DW7y5RCal3IwUuhrO5w\"]}]}<\/script>\n<!-- \/ Yoast SEO plugin. -->","yoast_head_json":{"title":"Home - Mercurio Asset","description":"A JV that combines energy expertise with financial solidity","robots":{"index":"index","follow":"follow","max-snippet":"max-snippet:-1","max-image-preview":"max-image-preview:large","max-video-preview":"max-video-preview:-1"},"canonical":"https:\/\/mercurioasset.com.br\/en\/","og_locale":"en_US","og_type":"article","og_title":"Home - Mercurio Asset","og_description":"Uma JV que soma expertise em energia com solidez financeira","og_url":"https:\/\/mercurioasset.com.br\/en\/","og_site_name":"Mercurio Asset","article_modified_time":"2026-02-02T20:25:10+00:00","og_image":[{"width":1024,"height":631,"url":"https:\/\/mercurioasset.com.br\/wp-content\/uploads\/2024\/08\/fundo-bg-1024x631.png","type":"image\/png"}],"twitter_card":"summary_large_image","twitter_misc":{"Est. reading time":"2 minutes"},"schema":{"@context":"https:\/\/schema.org","@graph":[{"@type":"WebPage","@id":"https:\/\/mercurioasset.com.br\/","url":"https:\/\/mercurioasset.com.br\/","name":"Home - Mercurio Asset","isPartOf":{"@id":"https:\/\/mercurioasset.com.br\/#website"},"primaryImageOfPage":{"@id":"https:\/\/mercurioasset.com.br\/#primaryimage"},"image":{"@id":"https:\/\/mercurioasset.com.br\/#primaryimage"},"thumbnailUrl":"https:\/\/mercurioasset.com.br\/wp-content\/uploads\/2024\/08\/fundo-bg.png","datePublished":"2024-08-19T19:39:34+00:00","dateModified":"2026-02-02T20:25:10+00:00","description":"A JV that combines energy expertise with financial solidity","breadcrumb":{"@id":"https:\/\/mercurioasset.com.br\/#breadcrumb"},"inLanguage":"en-US","potentialAction":[{"@type":"ReadAction","target":["https:\/\/mercurioasset.com.br\/"]}]},{"@type":"ImageObject","inLanguage":"en-US","@id":"https:\/\/mercurioasset.com.br\/#primaryimage","url":"https:\/\/mercurioasset.com.br\/wp-content\/uploads\/2024\/08\/fundo-bg.png","contentUrl":"https:\/\/mercurioasset.com.br\/wp-content\/uploads\/2024\/08\/fundo-bg.png","width":1920,"height":1183},{"@type":"BreadcrumbList","@id":"https:\/\/mercurioasset.com.br\/#breadcrumb","itemListElement":[{"@type":"ListItem","position":1,"name":"In\u00edcio","item":"https:\/\/mercurioasset.com.br\/"},{"@type":"ListItem","position":2,"name":"Home"}]},{"@type":"WebSite","@id":"https:\/\/mercurioasset.com.br\/#website","url":"https:\/\/mercurioasset.com.br\/","name":"Mercurio Asset","description":"A JV that combines energy expertise with financial solidity","publisher":{"@id":"https:\/\/mercurioasset.com.br\/#organization"},"potentialAction":[{"@type":"SearchAction","target":{"@type":"EntryPoint","urlTemplate":"https:\/\/mercurioasset.com.br\/?s={search_term_string}"},"query-input":{"@type":"PropertyValueSpecification","valueRequired":true,"valueName":"search_term_string"}}],"inLanguage":"en-US"},{"@type":"Organization","@id":"https:\/\/mercurioasset.com.br\/#organization","name":"Mercurio Asset","url":"https:\/\/mercurioasset.com.br\/","logo":{"@type":"ImageObject","inLanguage":"en-US","@id":"https:\/\/mercurioasset.com.br\/#\/schema\/logo\/image\/","url":"https:\/\/mercurioasset.com.br\/wp-content\/uploads\/2024\/08\/mercurio-asset-colorido.png","contentUrl":"https:\/\/mercurioasset.com.br\/wp-content\/uploads\/2024\/08\/mercurio-asset-colorido.png","width":461,"height":128,"caption":"Mercurio Asset"},"image":{"@id":"https:\/\/mercurioasset.com.br\/#\/schema\/logo\/image\/"},"sameAs":["https:\/\/www.linkedin.com\/company\/mercurio-partners\/posts\/?feedView=all","https:\/\/www.instagram.com\/mercuriopartners\/","https:\/\/www.youtube.com\/channel\/UCR46DW7y5RCal3IwUuhrO5w"]}]}},"_links":{"self":[{"href":"https:\/\/mercurioasset.com.br\/en\/wp-json\/wp\/v2\/pages\/18","targetHints":{"allow":["GET"]}}],"collection":[{"href":"https:\/\/mercurioasset.com.br\/en\/wp-json\/wp\/v2\/pages"}],"about":[{"href":"https:\/\/mercurioasset.com.br\/en\/wp-json\/wp\/v2\/types\/page"}],"author":[{"embeddable":true,"href":"https:\/\/mercurioasset.com.br\/en\/wp-json\/wp\/v2\/users\/1"}],"replies":[{"embeddable":true,"href":"https:\/\/mercurioasset.com.br\/en\/wp-json\/wp\/v2\/comments?post=18"}],"version-history":[{"count":179,"href":"https:\/\/mercurioasset.com.br\/en\/wp-json\/wp\/v2\/pages\/18\/revisions"}],"predecessor-version":[{"id":1206,"href":"https:\/\/mercurioasset.com.br\/en\/wp-json\/wp\/v2\/pages\/18\/revisions\/1206"}],"wp:featuredmedia":[{"embeddable":true,"href":"https:\/\/mercurioasset.com.br\/en\/wp-json\/wp\/v2\/media\/158"}],"wp:attachment":[{"href":"https:\/\/mercurioasset.com.br\/en\/wp-json\/wp\/v2\/media?parent=18"}],"curies":[{"name":"wp","href":"https:\/\/api.w.org\/{rel}","templated":true}]}}